{"id":467,"date":"2025-08-03T22:19:40","date_gmt":"2025-08-03T22:19:40","guid":{"rendered":"https:\/\/alojaapartments.es\/?page_id=467"},"modified":"2025-08-03T22:20:17","modified_gmt":"2025-08-03T22:20:17","slug":"legal-notice","status":"publish","type":"page","link":"https:\/\/alojaapartments.es\/en\/legal-notice\/","title":{"rendered":"Legal Notice"},"content":{"rendered":"<div data-elementor-type=\"wp-page\" data-elementor-id=\"467\" class=\"elementor elementor-467\" data-elementor-post-type=\"page\">\n\t\t\t\t<div class=\"elementor-element elementor-element-d9781d5 e-flex e-con-boxed e-con e-parent\" data-id=\"d9781d5\" data-element_type=\"container\" data-settings=\"{&quot;background_background&quot;:&quot;classic&quot;}\">\n\t\t\t\t\t<div class=\"e-con-inner\">\n\t\t<div class=\"elementor-element elementor-element-66850d6 e-flex e-con-boxed e-con e-child\" data-id=\"66850d6\" data-element_type=\"container\">\n\t\t\t\t\t<div class=\"e-con-inner\">\n\t\t\t\t<div class=\"elementor-element elementor-element-a812bcc elementor-icon-list--layout-inline elementor-align-center breadcumps elementor-list-item-link-full_width elementor-widget elementor-widget-icon-list\" data-id=\"a812bcc\" data-element_type=\"widget\" data-widget_type=\"icon-list.default\">\n\t\t\t\t\t\t\t<ul class=\"elementor-icon-list-items elementor-inline-items\">\n\t\t\t\t\t\t\t<li class=\"elementor-icon-list-item elementor-inline-item\">\n\t\t\t\t\t\t\t\t\t\t\t<a href=\"https:\/\/alojaapartments.es\/en\">\n\n\t\t\t\t\t\t\t\t\t\t\t<span class=\"elementor-icon-list-text\">Home<\/span>\n\t\t\t\t\t\t\t\t\t\t\t<\/a>\n\t\t\t\t\t\t\t\t\t<\/li>\n\t\t\t\t\t\t\t\t<li class=\"elementor-icon-list-item elementor-inline-item\">\n\t\t\t\t\t\t\t\t\t\t\t<span class=\"elementor-icon-list-icon\">\n\t\t\t\t\t\t\t<svg aria-hidden=\"true\" class=\"e-font-icon-svg e-fas-chevron-right\" viewbox=\"0 0 320 512\" xmlns=\"http:\/\/www.w3.org\/2000\/svg\"><path d=\"M285.476 272.971L91.132 467.314c-9.373 9.373-24.569 9.373-33.941 0l-22.667-22.667c-9.357-9.357-9.375-24.522-.04-33.901L188.505 256 34.484 101.255c-9.335-9.379-9.317-24.544.04-33.901l22.667-22.667c9.373-9.373 24.569-9.373 33.941 0L285.475 239.03c9.373 9.372 9.373 24.568.001 33.941z\"><\/path><\/svg>\t\t\t\t\t\t<\/span>\n\t\t\t\t\t\t\t\t\t\t<span class=\"elementor-icon-list-text\"><\/span>\n\t\t\t\t\t\t\t\t\t<\/li>\n\t\t\t\t\t\t<\/ul>\n\t\t\t\t\t\t<\/div>\n\t\t\t\t\t<\/div>\n\t\t\t\t<\/div>\n\t\t\t\t\t<\/div>\n\t\t\t\t<\/div>\n\t\t<div class=\"elementor-element elementor-element-e05ed8d e-flex e-con-boxed e-con e-parent\" data-id=\"e05ed8d\" data-element_type=\"container\" data-settings=\"{&quot;background_background&quot;:&quot;classic&quot;}\">\n\t\t\t\t\t<div class=\"e-con-inner\">\n\t\t\t\t<div class=\"elementor-element elementor-element-132e4a8 elementor-widget elementor-widget-text-editor\" data-id=\"132e4a8\" data-element_type=\"widget\" data-widget_type=\"text-editor.default\">\n\t\t\t\t\t\t\t\t\t<p data-start=\"193\" data-end=\"274\">This legal notice \/ imprint was last updated on 4 August 2025.<\/p><p data-start=\"276\" data-end=\"306\">The owner of this website is:<\/p><p data-start=\"308\" data-end=\"489\"><strong data-start=\"308\" data-end=\"335\">Aloja Apartaments, S.L.<\/strong><br data-start=\"335\" data-end=\"338\" \/>C\/ Calder\u00f3n de Barca, n\u00ba 1<br data-start=\"364\" data-end=\"367\" \/>21400 Ayamonte, Huelva, Spain<br data-start=\"397\" data-end=\"400\" \/>E-mail: <a class=\"cursor-pointer\" rel=\"noopener\" data-start=\"420\" data-end=\"443\">info@alojaapartments.es<\/a><br data-start=\"443\" data-end=\"446\" \/>Telephone: +34 619 43 34 72<br data-start=\"472\" data-end=\"475\" \/>VAT NO: B21593835<\/p><ol data-start=\"491\" data-end=\"641\"><li data-start=\"491\" data-end=\"641\"><p data-start=\"494\" data-end=\"641\"><strong data-start=\"494\" data-end=\"505\">General<\/strong><br data-start=\"505\" data-end=\"508\" \/>We are neither willing nor obliged to participate in dispute resolution proceedings before a consumer arbitration board.<\/p><\/li><\/ol>\t\t\t\t\t\t\t\t<\/div>\n\t\t\t\t\t<\/div>\n\t\t\t\t<\/div>\n\t\t\t\t<\/div>","protected":false},"excerpt":{"rendered":"<p>Inicio Este aviso legal \/ imprint fue actualizado por \u00faltima vez el 4 de agosto de 2025. El propietario de esta web es: Aloja Apartaments, S.L.C\/ Calder\u00f3n de Barca, n\u00ba 121400 Ayamonte, Huelva, Espa\u00f1aCorreo electr\u00f3nico: info@alojaapartments.esTel\u00e9fono: +34 619 43 34 72CIF: B21593835 GeneralNo estamos dispuestos ni obligados a participar en procedimientos de resoluci\u00f3n de conflictos [&hellip;]<\/p>","protected":false},"author":1,"featured_media":0,"parent":0,"menu_order":0,"comment_status":"closed","ping_status":"closed","template":"","meta":{"footnotes":""},"class_list":["post-467","page","type-page","status-publish","hentry"],"_links":{"self":[{"href":"https:\/\/alojaapartments.es\/en\/wp-json\/wp\/v2\/pages\/467","targetHints":{"allow":["GET"]}}],"collection":[{"href":"https:\/\/alojaapartments.es\/en\/wp-json\/wp\/v2\/pages"}],"about":[{"href":"https:\/\/alojaapartments.es\/en\/wp-json\/wp\/v2\/types\/page"}],"author":[{"embeddable":true,"href":"https:\/\/alojaapartments.es\/en\/wp-json\/wp\/v2\/users\/1"}],"replies":[{"embeddable":true,"href":"https:\/\/alojaapartments.es\/en\/wp-json\/wp\/v2\/comments?post=467"}],"version-history":[{"count":5,"href":"https:\/\/alojaapartments.es\/en\/wp-json\/wp\/v2\/pages\/467\/revisions"}],"predecessor-version":[{"id":472,"href":"https:\/\/alojaapartments.es\/en\/wp-json\/wp\/v2\/pages\/467\/revisions\/472"}],"wp:attachment":[{"href":"https:\/\/alojaapartments.es\/en\/wp-json\/wp\/v2\/media?parent=467"}],"curies":[{"name":"wp","href":"https:\/\/api.w.org\/{rel}","templated":true}]}}