{"id":454,"date":"2025-08-03T22:14:27","date_gmt":"2025-08-03T22:14:27","guid":{"rendered":"https:\/\/alojaapartments.es\/?page_id=454"},"modified":"2025-08-03T22:18:33","modified_gmt":"2025-08-03T22:18:33","slug":"privacy-policy","status":"publish","type":"page","link":"https:\/\/alojaapartments.es\/en\/privacy-policy\/","title":{"rendered":"Privacy Policy"},"content":{"rendered":"<div data-elementor-type=\"wp-page\" data-elementor-id=\"454\" class=\"elementor elementor-454\" data-elementor-post-type=\"page\">\n\t\t\t\t<div class=\"elementor-element elementor-element-f2505fe e-flex e-con-boxed e-con e-parent\" data-id=\"f2505fe\" data-element_type=\"container\" data-settings=\"{&quot;background_background&quot;:&quot;classic&quot;}\">\n\t\t\t\t\t<div class=\"e-con-inner\">\n\t\t<div class=\"elementor-element elementor-element-3a53fc5 e-flex e-con-boxed e-con e-child\" data-id=\"3a53fc5\" data-element_type=\"container\">\n\t\t\t\t\t<div class=\"e-con-inner\">\n\t\t\t\t<div class=\"elementor-element elementor-element-23abdd9 elementor-icon-list--layout-inline elementor-align-center breadcumps elementor-list-item-link-full_width elementor-widget elementor-widget-icon-list\" data-id=\"23abdd9\" data-element_type=\"widget\" data-widget_type=\"icon-list.default\">\n\t\t\t\t\t\t\t<ul class=\"elementor-icon-list-items elementor-inline-items\">\n\t\t\t\t\t\t\t<li class=\"elementor-icon-list-item elementor-inline-item\">\n\t\t\t\t\t\t\t\t\t\t\t<a href=\"https:\/\/alojaapartments.es\/en\">\n\n\t\t\t\t\t\t\t\t\t\t\t<span class=\"elementor-icon-list-text\">Home<\/span>\n\t\t\t\t\t\t\t\t\t\t\t<\/a>\n\t\t\t\t\t\t\t\t\t<\/li>\n\t\t\t\t\t\t\t\t<li class=\"elementor-icon-list-item elementor-inline-item\">\n\t\t\t\t\t\t\t\t\t\t\t<span class=\"elementor-icon-list-icon\">\n\t\t\t\t\t\t\t<svg aria-hidden=\"true\" class=\"e-font-icon-svg e-fas-chevron-right\" viewbox=\"0 0 320 512\" xmlns=\"http:\/\/www.w3.org\/2000\/svg\"><path d=\"M285.476 272.971L91.132 467.314c-9.373 9.373-24.569 9.373-33.941 0l-22.667-22.667c-9.357-9.357-9.375-24.522-.04-33.901L188.505 256 34.484 101.255c-9.335-9.379-9.317-24.544.04-33.901l22.667-22.667c9.373-9.373 24.569-9.373 33.941 0L285.475 239.03c9.373 9.372 9.373 24.568.001 33.941z\"><\/path><\/svg>\t\t\t\t\t\t<\/span>\n\t\t\t\t\t\t\t\t\t\t<span class=\"elementor-icon-list-text\"><\/span>\n\t\t\t\t\t\t\t\t\t<\/li>\n\t\t\t\t\t\t<\/ul>\n\t\t\t\t\t\t<\/div>\n\t\t\t\t\t<\/div>\n\t\t\t\t<\/div>\n\t\t\t\t\t<\/div>\n\t\t\t\t<\/div>\n\t\t<div class=\"elementor-element elementor-element-2906b1b e-flex e-con-boxed e-con e-parent\" data-id=\"2906b1b\" data-element_type=\"container\" data-settings=\"{&quot;background_background&quot;:&quot;classic&quot;}\">\n\t\t\t\t\t<div class=\"e-con-inner\">\n\t\t\t\t<div class=\"elementor-element elementor-element-3de8b18 elementor-widget elementor-widget-text-editor\" data-id=\"3de8b18\" data-element_type=\"widget\" data-widget_type=\"text-editor.default\">\n\t\t\t\t\t\t\t\t\t<p data-start=\"680\" data-end=\"862\">This privacy statement was last updated on 4 August 2025 and applies to citizens and legal permanent residents of the European Economic Area and Switzerland.<\/p><p data-start=\"864\" data-end=\"1004\">In this privacy statement, we explain what we do with the data we collect about you through <a class=\"\" href=\"https:\/\/alojaapartments.es\/en\/\" target=\"_new\" rel=\"noopener\" data-start=\"977\" data-end=\"1003\">https:\/\/alojaapartments.es<\/a>.<\/p><p data-start=\"1006\" data-end=\"1188\">We recommend that you read this statement carefully. In our processing we comply with the requirements of privacy legislation. This means, among other things, that:<\/p><ul data-start=\"1190\" data-end=\"1854\"><li data-start=\"1190\" data-end=\"1328\"><p data-start=\"1192\" data-end=\"1328\">we clearly indicate the purposes for which we process personal data. We do this by means of this privacy statement.<\/p><\/li><li data-start=\"1329\" data-end=\"1452\"><p data-start=\"1331\" data-end=\"1452\">we aim to limit our collection of personal data to personal data necessary for legitimate purposes;<\/p><\/li><li data-start=\"1453\" data-end=\"1592\"><p data-start=\"1455\" data-end=\"1592\">First of all, we ask for your explicit consent to the processing of your personal data where necessary;<\/p><\/li><li data-start=\"1593\" data-end=\"1758\"><p data-start=\"1595\" data-end=\"1758\">We take appropriate security measures to protect your personal data and we also require this of parties who process personal data on our behalf;<\/p><\/li><li data-start=\"1759\" data-end=\"1854\"><p data-start=\"1761\" data-end=\"1854\">we respect your right to access, rectify or delete your personal data upon request.<\/p><\/li><\/ul><p data-start=\"1856\" data-end=\"1971\">If you have any questions or want to know exactly what data we store about you, please contact us.<\/p><h3 data-start=\"1978\" data-end=\"2024\">\u00a0<\/h3><h3 data-start=\"1978\" data-end=\"2024\">1. Purpose, data and retention period<\/h3><p data-start=\"2026\" data-end=\"2187\">We may collect or receive personal information for a number of purposes related to our business operations, which may include the following:<\/p><p data-start=\"2189\" data-end=\"2336\"><strong data-start=\"2189\" data-end=\"2201\">Details<\/strong><br data-start=\"2201\" data-end=\"2204\" \/><strong data-start=\"2204\" data-end=\"2291\">1.1 Contact - By phone, mail, email and\/or forms on the site<\/strong><br data-start=\"2291\" data-end=\"2294\" \/>We use the following data for this purpose:<\/p><ul data-start=\"2338\" data-end=\"2402\"><li data-start=\"2338\" data-end=\"2362\"><p data-start=\"2340\" data-end=\"2362\">A name and surname<\/p><\/li><li data-start=\"2363\" data-end=\"2402\"><p data-start=\"2365\" data-end=\"2402\">An e-mail address<\/p><\/li><\/ul><p data-start=\"2404\" data-end=\"2502\"><strong data-start=\"2404\" data-end=\"2461\">The basis on which we can process this data is:<\/strong><br data-start=\"2461\" data-end=\"2464\" \/>After consent has been given.<\/p><p data-start=\"2504\" data-end=\"2592\"><strong data-start=\"2504\" data-end=\"2529\">Retention period:<\/strong><br data-start=\"2529\" data-end=\"2532\" \/>We will retain this data until the service is cancelled.<\/p><h3 data-start=\"2599\" data-end=\"2613\">\u00a0<\/h3><h3 data-start=\"2599\" data-end=\"2613\">2. Cookies<\/h3><p data-start=\"2615\" data-end=\"2735\">Our website uses cookies. For more information about cookies, please see our Cookie Policy.<\/p><h3 data-start=\"2742\" data-end=\"2773\">\u00a0<\/h3><h3 data-start=\"2742\" data-end=\"2773\">3. Outreach practices<\/h3><p data-start=\"2775\" data-end=\"3084\">We disclose personal information if we are required to do so by law or court order, in response to a law enforcement agency, to the extent permitted by other law, to provide information or for an investigation into a public safety matter.<\/p><p data-start=\"3086\" data-end=\"3322\">If our website or organisation is acquired, sold or involved in a merger or acquisition, your data may be disclosed to our advisers and prospective purchasers and passed on to the new owners.<\/p><p data-start=\"3324\" data-end=\"3449\">We have a Data Processing Agreement with Google.<br data-start=\"3380\" data-end=\"3383\" \/>Google may not use the data for other Google services.<\/p><h3 data-start=\"3456\" data-end=\"3472\">\u00a0<\/h3><h3 data-start=\"3456\" data-end=\"3472\">4. Security<\/h3><p data-start=\"3474\" data-end=\"3831\">We are committed to the security of personal data. We take appropriate security measures to limit misuse and unauthorised access to personal data. This ensures that only necessary persons have access to your data, that access to data is protected and that our security measures are regularly reviewed.<\/p><h3 data-start=\"3838\" data-end=\"3861\">\u00a0<\/h3><h3 data-start=\"3838\" data-end=\"3861\">5. Third-party websites<\/h3><p data-start=\"3863\" data-end=\"4168\">This privacy statement does not apply to third party websites linked to our website. We cannot guarantee that these third parties handle your personal data reliably or securely. We recommend that you read the privacy statements of these websites before using them.<\/p><h3 data-start=\"4175\" data-end=\"4230\">\u00a0<\/h3><h3 data-start=\"4175\" data-end=\"4230\">6. Changes to this privacy statement<\/h3><p data-start=\"4232\" data-end=\"4483\">We reserve the right to make amendments to this privacy statement. It is recommended that you consult this privacy statement regularly to be aware of any changes. In addition, we will actively inform you whenever possible.<\/p><h3 data-start=\"4490\" data-end=\"4531\">\u00a0<\/h3><h3 data-start=\"4490\" data-end=\"4531\">7. Accessing and modifying your data<\/h3><p data-start=\"4533\" data-end=\"4760\">If you have any questions or would like to know what personal data we hold about you, please contact us. You can contact us using the following information. You have the following rights:<\/p><ul data-start=\"4762\" data-end=\"5612\"><li data-start=\"4762\" data-end=\"4893\"><p data-start=\"4764\" data-end=\"4893\">You have the right to know why your personal data is needed, what will happen to it and how long it will be kept.<\/p><\/li><li data-start=\"4894\" data-end=\"4990\"><p data-start=\"4896\" data-end=\"4990\">Right of access: You have the right to access the personal data we hold about you.<\/p><\/li><li data-start=\"4991\" data-end=\"5115\"><p data-start=\"4993\" data-end=\"5115\">Right of rectification: you have the right to complete, rectify, erase or block your personal data at any time.<\/p><\/li><li data-start=\"5116\" data-end=\"5265\"><p data-start=\"5118\" data-end=\"5265\">If you give us your consent to process your data, you have the right to revoke this consent and to have your personal data deleted.<\/p><\/li><li data-start=\"5266\" data-end=\"5445\"><p data-start=\"5268\" data-end=\"5445\">Right to transfer your data: you have the right to request all your personal data from the controller and to transfer it in full to another data controller.<\/p><\/li><li data-start=\"5446\" data-end=\"5612\"><p data-start=\"5448\" data-end=\"5612\">Right to object: You can object to the processing of your data. We comply with this, unless there are justified grounds for the processing.<\/p><\/li><\/ul><p data-start=\"5614\" data-end=\"5784\">Please make sure that you always clearly indicate who you are, so that we can be sure that we do not change or delete any data from the wrong person.<\/p><h3 data-start=\"5791\" data-end=\"5822\">\u00a0<\/h3><h3 data-start=\"5791\" data-end=\"5822\">8. Submitting a complaint<\/h3><p data-start=\"5824\" data-end=\"5987\">If you are dissatisfied with the way we handle or process your personal data, you have the right to lodge a complaint with the Data Protection Authority.<\/p><h3 data-start=\"5994\" data-end=\"6018\">\u00a0<\/h3><h3 data-start=\"5994\" data-end=\"6018\">9. Contact details<\/h3><p data-start=\"6020\" data-end=\"6201\"><strong data-start=\"6020\" data-end=\"6047\">Aloja Apartaments, S.L.<\/strong><br data-start=\"6047\" data-end=\"6050\" \/>C\/ Calder\u00f3n de Barca, n\u00ba 1<br data-start=\"6076\" data-end=\"6079\" \/>21400 Ayamonte, Huelva, Spain<br data-start=\"6109\" data-end=\"6112\" \/>E-mail: <a class=\"cursor-pointer\" rel=\"noopener\" data-start=\"6132\" data-end=\"6155\">info@alojaapartments.es<\/a><br data-start=\"6155\" data-end=\"6158\" \/>Telephone: +34 619 43 34 72<br data-start=\"6184\" data-end=\"6187\" \/>VAT NO: B21593835<\/p>\t\t\t\t\t\t\t\t<\/div>\n\t\t\t\t\t<\/div>\n\t\t\t\t<\/div>\n\t\t\t\t<\/div>","protected":false},"excerpt":{"rendered":"<p>Inicio Esta declaraci\u00f3n de privacidad se actualiz\u00f3 por \u00faltima vez el 4 de agosto de 2025 y se aplica a los ciudadanos y residentes legales permanentes del Espacio Econ\u00f3mico Europeo y Suiza. En esta declaraci\u00f3n de privacidad, explicamos lo que hacemos con los datos que obtenemos sobre usted a trav\u00e9s de https:\/\/alojaapartments.es. Le recomendamos que [&hellip;]<\/p>","protected":false},"author":1,"featured_media":0,"parent":0,"menu_order":0,"comment_status":"closed","ping_status":"closed","template":"","meta":{"footnotes":""},"class_list":["post-454","page","type-page","status-publish","hentry"],"_links":{"self":[{"href":"https:\/\/alojaapartments.es\/en\/wp-json\/wp\/v2\/pages\/454","targetHints":{"allow":["GET"]}}],"collection":[{"href":"https:\/\/alojaapartments.es\/en\/wp-json\/wp\/v2\/pages"}],"about":[{"href":"https:\/\/alojaapartments.es\/en\/wp-json\/wp\/v2\/types\/page"}],"author":[{"embeddable":true,"href":"https:\/\/alojaapartments.es\/en\/wp-json\/wp\/v2\/users\/1"}],"replies":[{"embeddable":true,"href":"https:\/\/alojaapartments.es\/en\/wp-json\/wp\/v2\/comments?post=454"}],"version-history":[{"count":10,"href":"https:\/\/alojaapartments.es\/en\/wp-json\/wp\/v2\/pages\/454\/revisions"}],"predecessor-version":[{"id":466,"href":"https:\/\/alojaapartments.es\/en\/wp-json\/wp\/v2\/pages\/454\/revisions\/466"}],"wp:attachment":[{"href":"https:\/\/alojaapartments.es\/en\/wp-json\/wp\/v2\/media?parent=454"}],"curies":[{"name":"wp","href":"https:\/\/api.w.org\/{rel}","templated":true}]}}